{"id":3170,"date":"2023-02-27T09:17:28","date_gmt":"2023-02-27T09:17:28","guid":{"rendered":"http:\/\/esi-institute.eu\/?page_id=3170"},"modified":"2023-02-27T11:09:01","modified_gmt":"2023-02-27T11:09:01","slug":"world-ngo-day-2023","status":"publish","type":"page","link":"https:\/\/esi-institute.eu\/index.php\/world-ngo-day-2023\/","title":{"rendered":"World NGO Day 2023"},"content":{"rendered":"\t\t<div data-elementor-type=\"wp-page\" data-elementor-id=\"3170\" class=\"elementor elementor-3170\" data-elementor-settings=\"[]\">\n\t\t\t\t\t\t<div class=\"elementor-inner\">\n\t\t\t\t\t\t\t<div class=\"elementor-section-wrap\">\n\t\t\t\t\t\t\t<section class=\"elementor-section elementor-top-section elementor-element elementor-element-e923474 elementor-section-boxed elementor-section-height-default elementor-section-height-default\" data-id=\"e923474\" data-element_type=\"section\">\n\t\t\t\t\t\t<div class=\"elementor-container elementor-column-gap-default\">\n\t\t\t\t\t\t\t<div class=\"elementor-row\">\n\t\t\t\t\t<div class=\"elementor-column elementor-col-100 elementor-top-column elementor-element elementor-element-38d7a8e\" data-id=\"38d7a8e\" data-element_type=\"column\">\n\t\t\t<div class=\"elementor-column-wrap elementor-element-populated\">\n\t\t\t\t\t\t\t<div class=\"elementor-widget-wrap\">\n\t\t\t\t\t\t<div class=\"elementor-element elementor-element-0c85c7b elementor-pagination-position-outside elementor-widget elementor-widget-image-carousel\" data-id=\"0c85c7b\" data-element_type=\"widget\" data-settings=\"{&quot;navigation&quot;:&quot;dots&quot;,&quot;autoplay_speed&quot;:3000,&quot;speed&quot;:200,&quot;image_spacing_custom&quot;:{&quot;unit&quot;:&quot;px&quot;,&quot;size&quot;:80,&quot;sizes&quot;:[]},&quot;autoplay&quot;:&quot;yes&quot;,&quot;pause_on_hover&quot;:&quot;yes&quot;,&quot;pause_on_interaction&quot;:&quot;yes&quot;,&quot;infinite&quot;:&quot;yes&quot;}\" data-widget_type=\"image-carousel.default\">\n\t\t\t\t<div class=\"elementor-widget-container\">\n\t\t\t\t\t<div class=\"elementor-image-carousel-wrapper swiper-container\" dir=\"ltr\">\n\t\t\t<div class=\"elementor-image-carousel swiper-wrapper\">\n\t\t\t\t\t\t\t\t<div class=\"swiper-slide\"><figure class=\"swiper-slide-inner\"><img class=\"swiper-slide-image\" src=\"https:\/\/esi-institute.eu\/wp-content\/uploads\/2022\/02\/Tudor-St.-Popa.-presedinte-AIOS-150x150.jpg\" alt=\"Tudor St. Popa. presedinte AIOS\" \/><figcaption class=\"elementor-image-carousel-caption\">\"Ultimii ani, mai mult ca oric\u00e2nd, ne arat\u0103 importan\u021ba mediului neguvernamental \u00een bunul mers al societ\u0103\u021bii, devenind un partener important inclusiv pentru institu\u021biile publice. Reduc\u00e2nd focus-ul pe Rom\u00e2nia \u0219i Sibiu, observ\u0103m o tot mai mare implicare \u00een proiectele ministerelor \u0219i prim\u0103riilor, ONG-urile c\u00e2\u0219tig\u00e2ndu-\u0219i dreptul de a fi invitate la masa celor ce decid chestiuni importante pentru cet\u0103\u021beni. M\u0103 bucur\u0103 acest lucru deoarece a\u0219a trebuie s\u0103 func\u021bioneze o societate\". Tudor St. Popa Pre\u0219edinte Asocia\u021biei pentru \u00cenfrumuse\u021barea Orasului Sibiu<\/figcaption><\/figure><\/div><div class=\"swiper-slide\"><figure class=\"swiper-slide-inner\"><img class=\"swiper-slide-image\" src=\"https:\/\/esi-institute.eu\/wp-content\/uploads\/2022\/02\/Daniel-Vecsei-150x150.jpg\" alt=\"Daniel Vecsei\" \/><figcaption class=\"elementor-image-carousel-caption\">\"Din ce \u00een ce mai mult, societatea civil\u0103 se implic\u0103 \u00een rezolvarea problemelor comunit\u0103\u021bii, un exemplu elocvent fiind ajutorul oferit de zeci de ONG-uri \u00een proiectul de renovare al noului sediu al Palatului Copiilor Sibiu, \u201e\u00cempreun\u0103 reconstruim Palatul Copiilor\u201d, \u00een perioada 2019 \u2013 2020. Cu ocazia Zilei Mondiale a ONG-urilor, ca beneficiar al ajutorului acestora, doresc s\u0103 le mul\u021bumesc, pentru implicare \u0219i sprijin, \u00een numele miilor de elevi care particip\u0103 la activit\u0103\u021bile Palatului Copiilor \u0219i s\u0103 le doresc succes \u00een proiectele viitoare! Parafraz\u00e2nd motto-ul proiectului, \u201eC\u00e2nd ONG-urile se unesc, miracole se \u00eemplinesc\". Prof. Daniel Vecsei\nDirector al Palatului Copiilor Sibiu, membru fondator al Asocia\u021biei Pro Palatul Copiilor Sibiu<\/figcaption><\/figure><\/div><div class=\"swiper-slide\"><figure class=\"swiper-slide-inner\"><img class=\"swiper-slide-image\" src=\"https:\/\/esi-institute.eu\/wp-content\/uploads\/2022\/02\/Diana-Podaru-150x150.jpg\" alt=\"Diana Podaru\" \/><figcaption class=\"elementor-image-carousel-caption\">\"On World NGO Day, we invite you to change the world around us, by doing good for the vulnerable children and young people\". Diana Podaru\nDirector SOS Children`s Villages Romania<\/figcaption><\/figure><\/div><div class=\"swiper-slide\"><figure class=\"swiper-slide-inner\"><img class=\"swiper-slide-image\" src=\"https:\/\/esi-institute.eu\/wp-content\/uploads\/2019\/11\/Elena-Miruna-Tudorache-president-150x150.jpg\" alt=\"Elena Miruna Tudorache - president\" \/><figcaption class=\"elementor-image-carousel-caption\">\"When we talk about NGOs, we talk about solidarity, empathy, help, enthusiasm and humanism. It is the way through which we show our love and help for those in need. So let us thank those with initiative and civic spirit! We wish them lots of strength, patience and success in their endeavors\/efforts\"! Elena Tudorache\nUCOS<\/figcaption><\/figure><\/div><div class=\"swiper-slide\"><figure class=\"swiper-slide-inner\"><img class=\"swiper-slide-image\" src=\"https:\/\/esi-institute.eu\/wp-content\/uploads\/2019\/11\/IMG_2568-1-150x150.jpg\" alt=\"IMG_2568 (1)\" \/><figcaption class=\"elementor-image-carousel-caption\"> \"Biomin Actiune Sociala onoreaza in fiecare zi nu doar astazi ziua mondiala a ONG-urilor. Onoram munca celor care deservesc binele comunitatii\"! Simona Stela Marti\nPresedinte Biomin Actiune Sociala<\/figcaption><\/figure><\/div><div class=\"swiper-slide\"><figure class=\"swiper-slide-inner\"><img class=\"swiper-slide-image\" src=\"https:\/\/esi-institute.eu\/wp-content\/uploads\/2022\/02\/image0-e1677490834153-150x150.jpeg\" alt=\"image0\" \/><figcaption class=\"elementor-image-carousel-caption\"> \"Cu o populatie de 7930052000 oameni, nimeni nu ar trebui sa se simta singur.\u201d Carmen Chindris\nPresedinte SUS Inima<\/figcaption><\/figure><\/div><div class=\"swiper-slide\"><figure class=\"swiper-slide-inner\"><img class=\"swiper-slide-image\" src=\"https:\/\/esi-institute.eu\/wp-content\/uploads\/2022\/02\/SGN_10_25_2021_1635149262343-150x150.png\" alt=\"SGN_10_25_2021_1635149262343\" \/><figcaption class=\"elementor-image-carousel-caption\">\"Azi este Ziua Mondial\u0103 a Ong-urilor,a celor care se organizeaz\u0103 s\u0103 sus\u021bin\u0103 cauzele in care cred,a celor care sunt mai aproape de nevoi \u0219i probleme. De ce este aceasta zi at\u00e2t de important\u0103? Pentru c\u0103 s\u0103rb\u0103torim vise devenite realitate\". Cristina Retzler si Mihaela Rosioru\nPresedinte &amp; Vice Presedinte Asociatia Actionam<\/figcaption><\/figure><\/div>\t\t\t<\/div>\n\t\t\t\t\t\t\t\t\t\t\t\t<div class=\"swiper-pagination\"><\/div>\n\t\t\t\t\t\t\t\t\t\t\t\t\t<\/div>\n\t\t\t\t<\/div>\n\t\t\t\t<\/div>\n\t\t\t\t\t\t<\/div>\n\t\t\t\t\t<\/div>\n\t\t<\/div>\n\t\t\t\t\t\t\t\t<\/div>\n\t\t\t\t\t<\/div>\n\t\t<\/section>\n\t\t\t\t\t\t<\/div>\n\t\t\t\t\t\t<\/div>\n\t\t\t\t\t<\/div>\n\t\t","protected":false},"excerpt":{"rendered":"<p>&#8220;Ultimii ani, mai mult ca oric\u00e2nd, ne arat\u0103 importan\u021ba mediului neguvernamental \u00een bunul mers al societ\u0103\u021bii, devenind un partener important inclusiv pentru institu\u021biile publice. Reduc\u00e2nd focus-ul pe Rom\u00e2nia \u0219i Sibiu, observ\u0103m o tot mai mare implicare \u00een proiectele ministerelor \u0219i prim\u0103riilor, ONG-urile c\u00e2\u0219tig\u00e2ndu-\u0219i dreptul de a fi invitate la masa celor ce decid chestiuni importante [&hellip;]<\/p>\n","protected":false},"author":2,"featured_media":0,"parent":0,"menu_order":0,"comment_status":"closed","ping_status":"closed","template":"","meta":[],"_links":{"self":[{"href":"https:\/\/esi-institute.eu\/index.php\/wp-json\/wp\/v2\/pages\/3170"}],"collection":[{"href":"https:\/\/esi-institute.eu\/index.php\/wp-json\/wp\/v2\/pages"}],"about":[{"href":"https:\/\/esi-institute.eu\/index.php\/wp-json\/wp\/v2\/types\/page"}],"author":[{"embeddable":true,"href":"https:\/\/esi-institute.eu\/index.php\/wp-json\/wp\/v2\/users\/2"}],"replies":[{"embeddable":true,"href":"https:\/\/esi-institute.eu\/index.php\/wp-json\/wp\/v2\/comments?post=3170"}],"version-history":[{"count":31,"href":"https:\/\/esi-institute.eu\/index.php\/wp-json\/wp\/v2\/pages\/3170\/revisions"}],"predecessor-version":[{"id":3203,"href":"https:\/\/esi-institute.eu\/index.php\/wp-json\/wp\/v2\/pages\/3170\/revisions\/3203"}],"wp:attachment":[{"href":"https:\/\/esi-institute.eu\/index.php\/wp-json\/wp\/v2\/media?parent=3170"}],"curies":[{"name":"wp","href":"https:\/\/api.w.org\/{rel}","templated":true}]}}